{"id":443,"date":"2019-02-19T22:13:15","date_gmt":"2019-02-19T21:13:15","guid":{"rendered":"https:\/\/www.bisone.eu\/cookie-policy\/"},"modified":"2025-11-03T11:34:06","modified_gmt":"2025-11-03T10:34:06","slug":"cookie-policy","status":"publish","type":"page","link":"https:\/\/www.bisone.eu\/en\/cookie-policy\/","title":{"rendered":"Cookie Policy"},"content":{"rendered":"<p>[vc_row css_animation=&#8221;&#8221; row_type=&#8221;row&#8221; use_row_as_full_screen_section=&#8221;no&#8221; type=&#8221;grid&#8221; anchor=&#8221;home&#8221; angled_section=&#8221;no&#8221; text_align=&#8221;left&#8221; background_image_as_pattern=&#8221;without_pattern&#8221; z_index=&#8221;&#8221;][vc_column][vc_empty_space height=&#8221;14px&#8221;][vc_column_text]<\/p>\n<p>[vc_row css_animation=&#8221;&#8221; row_type=&#8221;row&#8221; use_row_as_full_screen_section=&#8221;no&#8221; type=&#8221;full_width&#8221; angled_section=&#8221;no&#8221; text_align=&#8221;left&#8221; background_image_as_pattern=&#8221;without_pattern&#8221;][vc_column][vc_column_text]<\/p>\n<h1>IL TITOLARE DEL TRATTAMENTO<\/h1>\n<p>Arch. Paola Elena Bisone (di seguito, Titolare), con sede in viale Lucania n. 13, 20139 Milano (MI), paola@bisone.eu, \u00e8 il titolare del Trattamento.[\/vc_column_text][\/vc_column][\/vc_row][vc_row css_animation=&#8221;&#8221; row_type=&#8221;row&#8221; use_row_as_full_screen_section=&#8221;no&#8221; type=&#8221;full_width&#8221; angled_section=&#8221;no&#8221; text_align=&#8221;left&#8221; background_image_as_pattern=&#8221;without_pattern&#8221;][vc_column][vc_separator type=&#8221;transparent&#8221; thickness=&#8221;12&#8243;][vc_column_text]<\/p>\n<h1>PREMESSA<\/h1>\n<p>La presente parte fa parte integrante e sostanziale della Privacy Policy e della informativa in essa contenuta rilasciata ai sensi dell\u2019art. 13 Regolamento UE 2016\/679 in materia di protezione dei dati personali. La Cookies Policy viene fornita agli interessati fruitori del Sito in conformit\u00e0 anche alle disposizioni e raccomandazioni impartite dall\u2019Autorit\u00e0 italiana Garante per la protezione dei dati personali.[\/vc_column_text][\/vc_column][\/vc_row][vc_row css_animation=&#8221;&#8221; row_type=&#8221;row&#8221; use_row_as_full_screen_section=&#8221;no&#8221; type=&#8221;full_width&#8221; angled_section=&#8221;no&#8221; text_align=&#8221;left&#8221; background_image_as_pattern=&#8221;without_pattern&#8221;][vc_column][vc_separator type=&#8221;transparent&#8221; thickness=&#8221;12&#8243;][vc_column_text]<\/p>\n<h1>COSA E\u2019 UN COOKIE<\/h1>\n<p>I cookie sono brevi file di testo che vengono scaricati ed inseriti nel dispositivo dell&#8217;utente quando si visita un sito web. Ad ogni successiva visita, i cookie sono re-inviati al sito web che li ha originati (cookie di prime parti) o a un altro sito che li riconosce (cookie di terze parti). <\/p>\n<p>I cookie sono utili perch\u00e9 consentono ad un sito web di riconoscere il dispositivo dell\u2019utente. Essi hanno diverse finalit\u00e0 come, ad esempio, consentire di navigare efficientemente tra le pagine web, ricordare i siti preferiti e, in generale, migliorare l&#8217;esperienza di navigazione. Contribuiscono anche a garantire che i contenuti pubblicitari visualizzati online siano mirati alle esigenze personali dell&#8217;utente ed ai suoi interessi.[\/vc_column_text][\/vc_column][\/vc_row][vc_row css_animation=&#8221;&#8221; row_type=&#8221;row&#8221; use_row_as_full_screen_section=&#8221;no&#8221; type=&#8221;full_width&#8221; angled_section=&#8221;no&#8221; text_align=&#8221;left&#8221; background_image_as_pattern=&#8221;without_pattern&#8221;][vc_column][vc_separator type=&#8221;transparent&#8221; thickness=&#8221;12&#8243;][vc_column_text]<\/p>\n<h1>TIPOLOGIA DI COOKIES<\/h1>\n<p>I cookie possono essere di prima o di terza parte.<\/p>\n<p>Per &#8220;prima parte&#8221; si intendono quella tipologia di cookie che riportano come dominio il sito, mentre per &#8220;terza parte&#8221; si intendono quei cookie che sono relativi a domini esterni. I cookie di terza parte sono necessariamente installati da un soggetto esterno, sempre definito come &#8220;terza parte&#8221;, non gestito dal sito.[\/vc_column_text][\/vc_column][\/vc_row][vc_row css_animation=&#8221;&#8221; row_type=&#8221;row&#8221; use_row_as_full_screen_section=&#8221;no&#8221; type=&#8221;full_width&#8221; angled_section=&#8221;no&#8221; text_align=&#8221;left&#8221; background_image_as_pattern=&#8221;without_pattern&#8221;][vc_column][vc_separator type=&#8221;transparent&#8221; thickness=&#8221;12&#8243;][vc_column_text]<\/p>\n<h1>NATURA DEI COOKIES<\/h1>\n<p>Cookie tecnici: sono quei cookie che servono a effettuare la navigazione o a fornire un servizio richiesto dall&#8217;utente. Non vengono utilizzati per scopi ulteriori e sono normalmente installati direttamente dal Titolare del sito web. <\/p>\n<p>Possono essere a loro volta suddivisi in:<\/p>\n<p>COOKIE DI NAVIGAZIONE o di sessione, che garantiscono la normale navigazione e fruizione del sito web (permettendo, ad esempio, di autenticarsi per accedere ad aree riservate); essi sono di fatto necessari per il corretto funzionamento del sito;<\/p>\n<p>COOKIE ANALYTICS DI TERZE PARTI, assimilati ai cookie tecnici laddove utilizzati direttamente dal Titolare del sito per raccogliere informazioni, in forma anonima e aggregata, sul numero degli utenti e su come questi visitano il sito stesso, al fine di migliorare le performance del sito;<\/p>\n<p>COOKIE DI FUNZIONALITA\u2019, che permettono all&#8217;utente la navigazione in funzione di una serie di criteri selezionati (ad esempio, la lingua, i prodotti selezionati per l&#8217;acquisto) al fine di migliorare il servizio reso allo stesso. Per l&#8217;installazione di tali cookie non \u00e8 richiesto il preventivo consenso degli utenti. <\/p>\n<p>&nbsp;<\/p>\n<p>Si informa l\u2019utente che \u00e8 possibile gestire e disattivare i cookie direttamente dalle impostazioni del browser utilizzato:<\/p>\n<ul>\n<li>Chrome (<a href=\"https:\/\/support.google.com\/chrome\/answer\/95647?co=GENIE.Platform%3DDesktop&amp;hl=it\">https:\/\/support.google.com\/chrome\/answer\/95647?co=GENIE.Platform%3DDesktop&amp;hl=it<\/a>)<\/li>\n<li>Firefox (<a href=\"https:\/\/support.mozilla.org\/it\/kb\/Gestione%20dei%20cookie\">https:\/\/support.mozilla.org\/it\/kb\/Gestione%20dei%20cookie<\/a>)<\/li>\n<li>Safari (<a href=\"https:\/\/support.apple.com\/kb\/ph19214?locale=it_IT\">https:\/\/support.apple.com\/kb\/ph19214?locale=it_IT<\/a>)<\/li>\n<li>MS Internet Explorer (<a href=\"https:\/\/support.microsoft.com\/it-it\/help\/17442\/windows-internet-explorer-delete-manage-cookies\">https:\/\/support.microsoft.com\/it-it\/help\/17442\/windows-internet-explorer-delete-manage-cookies<\/a>)<\/li>\n<li>MS Edge: (<a href=\"https:\/\/privacy.microsoft.com\/it-it\/windows-10-microsoft-edge-and-privacy\">https:\/\/privacy.microsoft.com\/it-it\/windows-10-microsoft-edge-and-privacy<\/a>)<\/li>\n<\/ul>\n<p>[\/vc_column_text][\/vc_column][\/vc_row][vc_row css_animation=&#8221;&#8221; row_type=&#8221;row&#8221; use_row_as_full_screen_section=&#8221;no&#8221; type=&#8221;full_width&#8221; angled_section=&#8221;no&#8221; text_align=&#8221;left&#8221; background_image_as_pattern=&#8221;without_pattern&#8221;][vc_column][vc_separator type=&#8221;transparent&#8221; thickness=&#8221;12&#8243;][vc_column_text]<\/p>\n<h1>DURATA DEI COOKIES<\/h1>\n<p>Alcuni cookie (cookie di sessione) restano attivi solo fino alla chiusura del browser o all&#8217;esecuzione dell&#8217;eventuale comando di logout. Altri cookie &#8220;sopravvivono&#8221; alla chiusura del browser e sono disponibili anche in successive visite dell&#8217;utente. Questi cookie sono detti persistenti e la loro durata \u00e8 fissata dal server al momento della loro creazione. In alcuni casi \u00e8 fissata una scadenza, in altri casi la durata \u00e8 illimitata, a meno che l\u2019utente stesso non li cancelli volontariamente.[\/vc_column_text][\/vc_column][\/vc_row][vc_row css_animation=&#8221;&#8221; row_type=&#8221;row&#8221; use_row_as_full_screen_section=&#8221;no&#8221; type=&#8221;full_width&#8221; angled_section=&#8221;no&#8221; text_align=&#8221;left&#8221; background_image_as_pattern=&#8221;without_pattern&#8221;][vc_column][vc_separator type=&#8221;transparent&#8221; thickness=&#8221;12&#8243;][vc_column_text]<\/p>\n<h1>COOKIES UTILIZZATI DAL SITO WEB<\/h1>\n<p>&nbsp;<\/p>\n<ul>\n<li>COOKIE DI NAVIGAZIONE o sessione e strettamente necessari per il funzionamento del sito o per consentire all\u2019utente di usufruire dei contenuti e dei servizi da questi richiesti. I cookie hanno la funzione di salvare informazioni sui fogli di stile inline per velocizzare le visite successive dell\u2019utente e offrire una navigazione pi\u00f9 rapida. <\/li>\n<\/ul>\n<p>&nbsp;<\/p>\n<ul>\n<li>COOKIE ANALITICI DI TERZE PARTI: i \u201ccookie analytics\u201d laddove utilizzati direttamente dal gestore del sito per raccogliere informazioni, in forma aggregata, sul numero degli utenti e su come questi visitano il sito stesso, i cookie di navigazione o di sessione.<\/li>\n<\/ul>\n<p>&nbsp;<\/p>\n<p style=\"padding-left: 60px;\">Google Analytics<\/p>\n<p style=\"padding-left: 60px;\">Titolare utilizza questo tipo di servizio di analisi web fornito da Google Inc. per avere informazioni statistiche di tipo aggregato utili per valutare l\u2019uso del sito web e le attivit\u00e0 svolte da parte del visitatore. Google memorizza le informazioni raccolte dal cookie su server che possono essere dislocati anche negli Stati Uniti. Google si riserva di trasferire le informazioni raccolte con il suo cookie a terzi ove ci\u00f2 sia richiesto per legge o laddove il soggetto terzo processi informazioni per suo conto. Ulteriori informazioni sulla gestione della privacy e\/o sulle modalit\u00e0 per rifiutare o eliminare questo tipo di cookie sono disponibili alla URL: <a href=\"http:\/\/www.google.com\/intl\/it_ALL\/analytics\/learn\/privacy.html\">http:\/\/www.google.com\/intl\/it_ALL\/analytics\/learn\/privacy.html<\/a>    <\/p>\n<p style=\"padding-left: 60px;\">Maggiori informazioni sull\u2019utilizzo dei cookies da parte di Google analytics: <a href=\"https:\/\/developers.google.com\/analytics\/devguides\/collection\/analyticsjs\/cookie-usage\">https:\/\/developers.google.com\/analytics\/devguides\/collection\/analyticsjs\/cookie-usage<\/a><\/p>\n<p style=\"padding-left: 60px;\">L\u2019Utente pu\u00f2 disabilitare in modo selettivo l\u2019azione di Google Analytics installando sul proprio browser il componente di opt-out fornito da Google. Per disabilitare la raccolta di dati da parte di Google Analytics, si rinvia al link di seguito indicato: <a href=\"https:\/\/tools.google.com\/dlpage\/gaoptout\">https:\/\/tools.google.com\/dlpage\/gaoptout<\/a> <\/p>\n<p>&nbsp;<\/p>\n<p style=\"padding-left: 60px;\">Awstats<\/p>\n<p style=\"padding-left: 60px;\">Al solo fine di monitorare e migliorare le prestazioni del sito ci si avvale di un prodotto di mercato di analisi statistica per la rilevazione degli accessi al sito. Esso pu\u00f2 ricorrere all&#8217;utilizzo di cookies, permanenti e non, allo scopo di raccogliere informazioni statistiche e sui &#8220;visitatori unici&#8221; del sito. I cookies, definiti come &#8220;Unique Visitor Cookies&#8221;, contengono un codice alfanumerico che identifica i computer di navigazione, senza tuttavia alcuna raccolta di dati personali.  <\/p>\n<p>&nbsp;<\/p>\n<p style=\"padding-left: 60px;\">Contenuti Embeddati<\/p>\n<p style=\"padding-left: 60px;\">Titolare utilizza a volte in modo non costante contenuti dai social network Youtube, Twitter, Facebook, Instagram, Linkedin e in generale in base all\u2019occorrenza contenuti embeddabili di altre piattaforme.<\/p>\n<p style=\"padding-left: 60px;\">Titolare non pu\u00f2 controllare i cookie che questi siti di terze parti erogano e per questo \u00e8 consigliato informarsi direttamente presso ogni terza parte per avere maggior controllo su questi cookie. Di seguito alcuni link utili alle policy cookie delle terze parti citate: <\/p>\n<p style=\"padding-left: 60px;\">Facebook <a href=\"https:\/\/www.facebook.com\/help\/cookies\/\">https:\/\/www.facebook.com\/help\/cookies\/<\/a><\/p>\n<p style=\"padding-left: 60px;\">Twitter <a href=\"https:\/\/support.twitter.com\/articles\/20170514\">https:\/\/support.twitter.com\/articles\/20170514<\/a><\/p>\n<p style=\"padding-left: 60px;\">Linkedin <a href=\"https:\/\/www.linkedin.com\/legal\/cookie-policy\">https:\/\/www.linkedin.com\/legal\/cookie-policy<\/a><\/p>\n<p style=\"padding-left: 60px;\">Youtube <a href=\"http:\/\/www.google.it\/intl\/it\/policies\/technologies\/cookies\/\">http:\/\/www.google.it\/intl\/it\/policies\/technologies\/cookies\/<\/a><\/p>\n<p style=\"padding-left: 60px;\">Pinterest <a href=\"https:\/\/about.pinterest.com\/it\/privacy-policy\">https:\/\/about.pinterest.com\/it\/privacy-policy<\/a><\/p>\n<p style=\"padding-left: 60px;\">Flikr\\Yahoo <a href=\"http:\/\/info.yahoo.com\/privacy\/it\/yahoo\/cookies\/details.html\">http:\/\/info.yahoo.com\/privacy\/it\/yahoo\/cookies\/details.html<\/a><\/p>\n<p style=\"padding-left: 60px;\">AddToAny (AddToAny LLC) <a href=\"https:\/\/www.addtoany.com\/privacy\">https:\/\/www.addtoany.com\/privacy<\/a><\/p>\n<p style=\"padding-left: 60px;\">Snapwidget <a href=\"https:\/\/snapwidget.com\/privacy\">https:\/\/snapwidget.com\/privacy<\/a><\/p>\n<p>&nbsp;<\/p>\n<p>COOKIE DI FUNZIONALITA\u2019, che permettono all\u2019utente la navigazione in funzione di una serie di criteri selezionati al fine di migliorare il servizio reso allo stesso.<\/p>\n<p>[\/vc_column_text][\/vc_column][\/vc_row][vc_row css_animation=&#8221;&#8221; row_type=&#8221;row&#8221; use_row_as_full_screen_section=&#8221;no&#8221; type=&#8221;full_width&#8221; angled_section=&#8221;no&#8221; text_align=&#8221;left&#8221; background_image_as_pattern=&#8221;without_pattern&#8221;][vc_column width=&#8221;1\/4&#8243;][vc_separator type=&#8221;transparent&#8221; thickness=&#8221;12&#8243;][\/vc_column][vc_column width=&#8221;1\/4&#8243;][vc_separator type=&#8221;transparent&#8221; thickness=&#8221;12&#8243;]<a  itemprop=\"url\" href=\"https:\/\/www.bisone.eu\/privacy-policy\/\" target=\"_self\"  class=\"qbutton  center default\" style=\"\">Privacy Policy<\/a>[vc_separator type=&#8221;transparent&#8221; thickness=&#8221;12&#8243;][\/vc_column][vc_column width=&#8221;1\/4&#8243;][vc_separator type=&#8221;transparent&#8221; thickness=&#8221;12&#8243;]<a  itemprop=\"url\" href=\"https:\/\/www.bisone.eu\/cookie-policy\/\" target=\"_self\"  class=\"qbutton  center default\" style=\"\">Cookie Policy<\/a>[vc_separator type=&#8221;transparent&#8221; thickness=&#8221;12&#8243;][\/vc_column][vc_column width=&#8221;1\/4&#8243;][vc_separator type=&#8221;transparent&#8221; thickness=&#8221;12&#8243;][\/vc_column][\/vc_row]<\/p>\n","protected":false},"excerpt":{"rendered":"<p>[vc_row css_animation=&#8221;&#8221; row_type=&#8221;row&#8221; use_row_as_full_screen_section=&#8221;no&#8221; type=&#8221;grid&#8221; anchor=&#8221;home&#8221; angled_section=&#8221;no&#8221; text_align=&#8221;left&#8221; background_image_as_pattern=&#8221;without_pattern&#8221; z_index=&#8221;&#8221;][vc_column][vc_empty_space height=&#8221;14px&#8221;][vc_column_text] [vc_row css_animation=&#8221;&#8221; row_type=&#8221;row&#8221; use_row_as_full_screen_section=&#8221;no&#8221; type=&#8221;full_width&#8221; angled_section=&#8221;no&#8221; text_align=&#8221;left&#8221; background_image_as_pattern=&#8221;without_pattern&#8221;][vc_column][vc_column_text] IL TITOLARE DEL TRATTAMENTO Arch. Paola Elena Bisone (di seguito, Titolare), con sede in viale Lucania n. 13, 20139 Milano (MI), paola@bisone.eu, \u00e8 il titolare del&#8230;<\/p>\n","protected":false},"author":1,"featured_media":0,"parent":0,"menu_order":0,"comment_status":"closed","ping_status":"closed","template":"","meta":{"footnotes":""},"class_list":["post-443","page","type-page","status-publish","hentry"],"_links":{"self":[{"href":"https:\/\/www.bisone.eu\/en\/wp-json\/wp\/v2\/pages\/443","targetHints":{"allow":["GET"]}}],"collection":[{"href":"https:\/\/www.bisone.eu\/en\/wp-json\/wp\/v2\/pages"}],"about":[{"href":"https:\/\/www.bisone.eu\/en\/wp-json\/wp\/v2\/types\/page"}],"author":[{"embeddable":true,"href":"https:\/\/www.bisone.eu\/en\/wp-json\/wp\/v2\/users\/1"}],"replies":[{"embeddable":true,"href":"https:\/\/www.bisone.eu\/en\/wp-json\/wp\/v2\/comments?post=443"}],"version-history":[{"count":1,"href":"https:\/\/www.bisone.eu\/en\/wp-json\/wp\/v2\/pages\/443\/revisions"}],"predecessor-version":[{"id":444,"href":"https:\/\/www.bisone.eu\/en\/wp-json\/wp\/v2\/pages\/443\/revisions\/444"}],"wp:attachment":[{"href":"https:\/\/www.bisone.eu\/en\/wp-json\/wp\/v2\/media?parent=443"}],"curies":[{"name":"wp","href":"https:\/\/api.w.org\/{rel}","templated":true}]}}